{"id":517,"date":"2020-02-07T11:41:52","date_gmt":"2020-02-07T11:41:52","guid":{"rendered":"https:\/\/demo.gloriathemes.com\/noxe\/demo\/?page_id=517"},"modified":"2023-01-25T16:39:03","modified_gmt":"2023-01-25T16:39:03","slug":"blog","status":"publish","type":"page","link":"https:\/\/aljovich.com\/en\/blog\/","title":{"rendered":"Blog"},"content":{"rendered":"<div class=\"wpb-content-wrapper\"><p>[vc_row][vc_column][vc_text_separator title=&#8221;Blog&#8221;]<div class=\"gt-article-list\"><div class=\"gt-blog-list gt-style-3 gt-light gt-align-center\"><div class=\"gt-item\"><div class=\"gt-image\"><a href=\"https:\/\/aljovich.com\/en\/blog\/2023\/03\/27\/creative-product-photshoot-for-a-premium-brand\/\"><img loading=\"lazy\" decoding=\"async\" width=\"650\" height=\"430\" src=\"https:\/\/aljovich.com\/en\/wp-content\/uploads\/sites\/2\/2023\/03\/loye-1-650x430.jpg\" class=\"attachment-noxe-post-2 size-noxe-post-2 wp-post-image\" alt=\"\" \/><\/a><\/div><div class=\"gt-content\"><div class=\"gt-categories\"><ul class=\"post-categories\">\n\t<li><a href=\"https:\/\/aljovich.com\/en\/blog\/category\/film-production\/\" rel=\"category tag\">Film production<\/a><\/li><\/ul><\/div><div class=\"gt-title\"><a href=\"https:\/\/aljovich.com\/en\/blog\/2023\/03\/27\/creative-product-photshoot-for-a-premium-brand\/\">Creative product photshoot for a premium brand<\/a><\/div><div class=\"gt-details\"><ul><li class=\"gt-date\"><span>3 years ago<\/span><\/li><\/ul><\/div><div class=\"gt-excerpt\"><p>When a client trusts you and gives you a free hand, a creative product session is something that happens more and more often, as every...<\/p>\n<\/div><div class=\"gt-button gt-style-3\"><a href=\"https:\/\/aljovich.com\/en\/blog\/2023\/03\/27\/creative-product-photshoot-for-a-premium-brand\/\">Continue Reading<\/a><\/div><\/div><\/div><div class=\"gt-item\"><div class=\"gt-image\"><a href=\"https:\/\/aljovich.com\/en\/blog\/2023\/03\/27\/i-won-best-video-award-in-taiwan\/\"><img loading=\"lazy\" decoding=\"async\" width=\"650\" height=\"430\" src=\"https:\/\/aljovich.com\/en\/wp-content\/uploads\/sites\/2\/2023\/03\/GG2-1200x760-1-650x430.jpg\" class=\"attachment-noxe-post-2 size-noxe-post-2 wp-post-image\" alt=\"\" \/><\/a><\/div><div class=\"gt-content\"><div class=\"gt-categories\"><ul class=\"post-categories\">\n\t<li><a href=\"https:\/\/aljovich.com\/en\/blog\/category\/film-production\/\" rel=\"category tag\">Film production<\/a><\/li><\/ul><\/div><div class=\"gt-title\"><a href=\"https:\/\/aljovich.com\/en\/blog\/2023\/03\/27\/i-won-best-video-award-in-taiwan\/\">I won &#8220;Best Video&#8221; award in Taiwan!<\/a><\/div><div class=\"gt-details\"><ul><li class=\"gt-date\"><span>3 years ago<\/span><\/li><\/ul><\/div><div class=\"gt-excerpt\"><p>This year&#8217;s film production for me started with a success, as two of my films have been awarded today. Great news came to me from...<\/p>\n<\/div><div class=\"gt-button gt-style-3\"><a href=\"https:\/\/aljovich.com\/en\/blog\/2023\/03\/27\/i-won-best-video-award-in-taiwan\/\">Continue Reading<\/a><\/div><\/div><\/div><div class=\"gt-item\"><div class=\"gt-image\"><a href=\"https:\/\/aljovich.com\/en\/blog\/2023\/03\/27\/music-video-testament-for-the-institute-of-national-remembrance\/\"><img loading=\"lazy\" decoding=\"async\" width=\"650\" height=\"430\" src=\"https:\/\/aljovich.com\/en\/wp-content\/uploads\/sites\/2\/2023\/03\/filmy-1200x760-1-650x430.jpg\" class=\"attachment-noxe-post-2 size-noxe-post-2 wp-post-image\" alt=\"\" \/><\/a><\/div><div class=\"gt-content\"><div class=\"gt-categories\"><ul class=\"post-categories\">\n\t<li><a href=\"https:\/\/aljovich.com\/en\/blog\/category\/film-production\/\" rel=\"category tag\">Film production<\/a><\/li><\/ul><\/div><div class=\"gt-title\"><a href=\"https:\/\/aljovich.com\/en\/blog\/2023\/03\/27\/music-video-testament-for-the-institute-of-national-remembrance\/\">Music video &#8220;Testament&#8221; for the Institute of National Remembrance<\/a><\/div><div class=\"gt-details\"><ul><li class=\"gt-date\"><span>3 years ago<\/span><\/li><\/ul><\/div><div class=\"gt-excerpt\"><p>On November 2, 2022, the music video for Maciej Ciesielski&#8217;s song &#8220;Testament&#8221; premiered &#8211; a film production that I directed on behalf of the Institute...<\/p>\n<\/div><div class=\"gt-button gt-style-3\"><a href=\"https:\/\/aljovich.com\/en\/blog\/2023\/03\/27\/music-video-testament-for-the-institute-of-national-remembrance\/\">Continue Reading<\/a><\/div><\/div><\/div><div class=\"gt-item\"><div class=\"gt-image\"><a href=\"https:\/\/aljovich.com\/en\/blog\/2022\/10\/18\/cyberpunkowa-sesja-z-nissanem-300zx\/\"><img loading=\"lazy\" decoding=\"async\" width=\"650\" height=\"430\" src=\"https:\/\/aljovich.com\/en\/wp-content\/uploads\/sites\/2\/2022\/10\/DSC07262-Edit-650x430.jpg\" class=\"attachment-noxe-post-2 size-noxe-post-2 wp-post-image\" alt=\"\" \/><\/a><\/div><div class=\"gt-content\"><div class=\"gt-categories\"><ul class=\"post-categories\">\n\t<li><a href=\"https:\/\/aljovich.com\/en\/blog\/category\/photoshoots\/\" rel=\"category tag\">Photoshoots<\/a><\/li><\/ul><\/div><div class=\"gt-title\"><a href=\"https:\/\/aljovich.com\/en\/blog\/2022\/10\/18\/cyberpunkowa-sesja-z-nissanem-300zx\/\">Cyberpunkowa sesja z Nissanem 300ZX<\/a><\/div><div class=\"gt-details\"><ul><li class=\"gt-date\"><span>3 years ago<\/span><\/li><\/ul><\/div><div class=\"gt-excerpt\"><p>Dzi\u015b nieco fotek w ramach lu\u017anej sesji, kt\u00f3r\u0105 zrealizowa\u0142em z moim dobrym znajomym, Ma\u0107kiem. Maciek udost\u0119pni\u0142 do sesji swojego stuningowanego Nissana 300ZX i \u015bci\u0105gn\u0105\u0142 na...<\/p>\n<\/div><div class=\"gt-button gt-style-3\"><a href=\"https:\/\/aljovich.com\/en\/blog\/2022\/10\/18\/cyberpunkowa-sesja-z-nissanem-300zx\/\">Continue Reading<\/a><\/div><\/div><\/div><div class=\"gt-item\"><div class=\"gt-image\"><a href=\"https:\/\/aljovich.com\/en\/blog\/2022\/10\/18\/4233\/\"><img loading=\"lazy\" decoding=\"async\" width=\"650\" height=\"430\" src=\"https:\/\/aljovich.com\/en\/wp-content\/uploads\/sites\/2\/2022\/10\/DSC08959-650x430.jpg\" class=\"attachment-noxe-post-2 size-noxe-post-2 wp-post-image\" alt=\"\" \/><\/a><\/div><div class=\"gt-content\"><div class=\"gt-categories\"><ul class=\"post-categories\">\n\t<li><a href=\"https:\/\/aljovich.com\/en\/blog\/category\/news\/\" rel=\"category tag\">News<\/a><\/li><\/ul><\/div><div class=\"gt-title\"><a href=\"https:\/\/aljovich.com\/en\/blog\/2022\/10\/18\/4233\/\">Klimatyczna sesja komercyjna<\/a><\/div><div class=\"gt-details\"><ul><li class=\"gt-date\"><span>3 years ago<\/span><\/li><\/ul><\/div><div class=\"gt-excerpt\"><p>W czerwcu bie\u017c\u0105cego roku mia\u0142em okazj\u0119 realizowa\u0107 reklamow\u0105 sesj\u0119 zdj\u0119ciow\u0105 dla nowopowsta\u0142ej marki olejk\u00f3w intymnych &#8220;loye&#8221;. Po stworzeniu briefu ustalili\u015bmy, \u017ce sesj\u0119 wykonamy w dw\u00f3ch...<\/p>\n<\/div><div class=\"gt-button gt-style-3\"><a href=\"https:\/\/aljovich.com\/en\/blog\/2022\/10\/18\/4233\/\">Continue Reading<\/a><\/div><\/div><\/div><div class=\"gt-item\"><div class=\"gt-image\"><a href=\"https:\/\/aljovich.com\/en\/blog\/2019\/12\/04\/kolejny-sukces-za-granica\/\"><img loading=\"lazy\" decoding=\"async\" width=\"650\" height=\"430\" src=\"https:\/\/aljovich.com\/en\/wp-content\/uploads\/sites\/2\/2022\/10\/enter-the-game-650x430.jpg\" class=\"attachment-noxe-post-2 size-noxe-post-2 wp-post-image\" alt=\"\" \/><\/a><\/div><div class=\"gt-content\"><div class=\"gt-categories\"><ul class=\"post-categories\">\n\t<li><a href=\"https:\/\/aljovich.com\/en\/blog\/category\/news\/\" rel=\"category tag\">News<\/a><\/li><\/ul><\/div><div class=\"gt-title\"><a href=\"https:\/\/aljovich.com\/en\/blog\/2019\/12\/04\/kolejny-sukces-za-granica\/\">Kolejny sukces za granic\u0105<\/a><\/div><div class=\"gt-details\"><ul><li class=\"gt-date\"><span>6 years ago<\/span><\/li><\/ul><\/div><div class=\"gt-excerpt\"><p>Podobnie jak rok temu podj\u0119li\u015bmy si\u0119 realizacji reklamy dla firmy G&amp;G Armament. Tym razem stworzyli\u015bmy kr\u00f3tkometra\u017cowy film reklamowy. Mi\u0142o mi poinformowa\u0107, \u017ce otrzyma\u0142 on nagrod\u0119...<\/p>\n<\/div><div class=\"gt-button gt-style-3\"><a href=\"https:\/\/aljovich.com\/en\/blog\/2019\/12\/04\/kolejny-sukces-za-granica\/\">Continue Reading<\/a><\/div><\/div><\/div><div class=\"gt-item\"><div class=\"gt-image\"><a href=\"https:\/\/aljovich.com\/en\/blog\/2019\/02\/04\/zwiastun-wish-gotowy\/\"><img loading=\"lazy\" decoding=\"async\" width=\"650\" height=\"430\" src=\"https:\/\/aljovich.com\/en\/wp-content\/uploads\/sites\/2\/2022\/10\/miniaturka-650x430.jpg\" class=\"attachment-noxe-post-2 size-noxe-post-2 wp-post-image\" alt=\"\" \/><\/a><\/div><div class=\"gt-content\"><div class=\"gt-categories\"><ul class=\"post-categories\">\n\t<li><a href=\"https:\/\/aljovich.com\/en\/blog\/category\/film-production\/\" rel=\"category tag\">Film production<\/a><\/li><\/ul><\/div><div class=\"gt-title\"><a href=\"https:\/\/aljovich.com\/en\/blog\/2019\/02\/04\/zwiastun-wish-gotowy\/\">Zwiastun &#8220;WISH&#8221; gotowy!<\/a><\/div><div class=\"gt-details\"><ul><li class=\"gt-date\"><span>7 years ago<\/span><\/li><\/ul><\/div><div class=\"gt-excerpt\"><p>Mamy zwiastun &#8220;WISH&#8221;!Pora by uchyli\u0107 r\u0105bka tajemnicy.&#8220;WISH&#8221; to film z gatunku science-fiction opowiadaj\u0105cy o prawie do &#8220;polowa\u0144&#8221; na ludzi skazanych za ci\u0119\u017ckie przest\u0119pstwa. Produkcja &#8211;...<\/p>\n<\/div><div class=\"gt-button gt-style-3\"><a href=\"https:\/\/aljovich.com\/en\/blog\/2019\/02\/04\/zwiastun-wish-gotowy\/\">Continue Reading<\/a><\/div><\/div><\/div><div class=\"gt-item\"><div class=\"gt-image\"><a href=\"https:\/\/aljovich.com\/en\/blog\/2018\/12\/04\/the-difference-nagrodzony-w-tajwanie\/\"><img loading=\"lazy\" decoding=\"async\" width=\"650\" height=\"430\" src=\"https:\/\/aljovich.com\/en\/wp-content\/uploads\/sites\/2\/2022\/10\/the-difference-650x430.jpg\" class=\"attachment-noxe-post-2 size-noxe-post-2 wp-post-image\" alt=\"\" \/><\/a><\/div><div class=\"gt-content\"><div class=\"gt-categories\"><ul class=\"post-categories\">\n\t<li><a href=\"https:\/\/aljovich.com\/en\/blog\/category\/news\/\" rel=\"category tag\">News<\/a><\/li><\/ul><\/div><div class=\"gt-title\"><a href=\"https:\/\/aljovich.com\/en\/blog\/2018\/12\/04\/the-difference-nagrodzony-w-tajwanie\/\">&#8220;The Difference&#8221; nagrodzony w Tajwanie<\/a><\/div><div class=\"gt-details\"><ul><li class=\"gt-date\"><span>7 years ago<\/span><\/li><\/ul><\/div><div class=\"gt-excerpt\"><p>Uda\u0142o si\u0119! Nasz film reklamowy dla marki G&amp;G, otrzyma\u0142 nagrod\u0119 &#8220;Nominated Masterpiece Award&#8221; w konkursie &#8220;Your Greatest Glory&#8221; na Tajwanie. Wyniki konkursu mo\u017cna zobaczy\u0107 TUTAJ....<\/p>\n<\/div><div class=\"gt-button gt-style-3\"><a href=\"https:\/\/aljovich.com\/en\/blog\/2018\/12\/04\/the-difference-nagrodzony-w-tajwanie\/\">Continue Reading<\/a><\/div><\/div><\/div><div class=\"gt-item\"><div class=\"gt-image\"><a href=\"https:\/\/aljovich.com\/en\/blog\/2018\/11\/10\/difference-reklama-dla-gg-armament\/\"><img loading=\"lazy\" decoding=\"async\" width=\"650\" height=\"430\" src=\"https:\/\/aljovich.com\/en\/wp-content\/uploads\/sites\/2\/2022\/10\/the-difference-650x430.jpg\" class=\"attachment-noxe-post-2 size-noxe-post-2 wp-post-image\" alt=\"\" \/><\/a><\/div><div class=\"gt-content\"><div class=\"gt-categories\"><ul class=\"post-categories\">\n\t<li><a href=\"https:\/\/aljovich.com\/en\/blog\/category\/film-production\/\" rel=\"category tag\">Film production<\/a><\/li><\/ul><\/div><div class=\"gt-title\"><a href=\"https:\/\/aljovich.com\/en\/blog\/2018\/11\/10\/difference-reklama-dla-gg-armament\/\">&#8220;Difference&#8221; &#8211; reklama dla G&#038;G Armament<\/a><\/div><div class=\"gt-details\"><ul><li class=\"gt-date\"><span>7 years ago<\/span><\/li><\/ul><\/div><div class=\"gt-excerpt\"><p>W zesz\u0142ym roku nakr\u0119cili\u015bmy kr\u00f3tkometra\u017cowy film fabularny pt. &#8220;Hunt&#8221;, maj\u0105cy na celu promocj\u0119 tajwa\u0144skiej marki G&amp;G Armament &#8211; producenta replik broni. By\u0142a to kr\u00f3tka etiuda...<\/p>\n<\/div><div class=\"gt-button gt-style-3\"><a href=\"https:\/\/aljovich.com\/en\/blog\/2018\/11\/10\/difference-reklama-dla-gg-armament\/\">Continue Reading<\/a><\/div><\/div><\/div><\/div><\/div><div class=\"gt-pagination gt-style-1 gt-light gt-align-center\"><ul class='page-numbers'>\n\t<li><span aria-label=\"Page 1\" aria-current=\"page\" class=\"page-numbers current\">1<\/span><\/li>\n\t<li><a aria-label=\"Page 2\" class=\"page-numbers\" href=\"https:\/\/aljovich.com\/en\/wp-json\/wp\/v2\/pages\/517\/page\/2\/\">2<\/a><\/li>\n\t<li><a class=\"next page-numbers\" href=\"https:\/\/aljovich.com\/en\/wp-json\/wp\/v2\/pages\/517\/page\/2\/\">Next<\/a><\/li>\n<\/ul>\n<\/div>[\/vc_column][\/vc_row]<\/p>\n<\/div>","protected":false},"excerpt":{"rendered":"<p>[vc_row][vc_column][vc_text_separator title=&#8221;Blog&#8221;][\/vc_column][\/vc_row]<\/p>\n","protected":false},"author":1,"featured_media":0,"parent":0,"menu_order":0,"comment_status":"closed","ping_status":"closed","template":"","meta":{"footnotes":""},"class_list":["post-517","page","type-page","status-publish","hentry"],"yoast_head":"<!-- This site is optimized with the Yoast SEO plugin v25.6 - https:\/\/yoast.com\/wordpress\/plugins\/seo\/ -->\n<title>Blog - Adam Aljovich EN<\/title>\n<meta name=\"robots\" content=\"index, follow, max-snippet:-1, max-image-preview:large, max-video-preview:-1\" \/>\n<link rel=\"canonical\" href=\"https:\/\/aljovich.com\/en\/blog\/\" \/>\n<meta property=\"og:locale\" content=\"en_GB\" \/>\n<meta property=\"og:type\" content=\"article\" \/>\n<meta property=\"og:title\" content=\"Blog - Adam Aljovich EN\" \/>\n<meta property=\"og:description\" content=\"[vc_row][vc_column][vc_text_separator title=&#8221;Blog&#8221;][\/vc_column][\/vc_row]\" \/>\n<meta property=\"og:url\" content=\"https:\/\/aljovich.com\/en\/blog\/\" \/>\n<meta property=\"og:site_name\" content=\"Adam Aljovich EN\" \/>\n<meta property=\"article:modified_time\" content=\"2023-01-25T16:39:03+00:00\" \/>\n<meta name=\"twitter:card\" content=\"summary_large_image\" \/>\n<meta name=\"twitter:label1\" content=\"Estimated reading time\" \/>\n\t<meta name=\"twitter:data1\" content=\"1 minute\" \/>\n<script type=\"application\/ld+json\" class=\"yoast-schema-graph\">{\"@context\":\"https:\/\/schema.org\",\"@graph\":[{\"@type\":\"WebPage\",\"@id\":\"https:\/\/aljovich.com\/en\/blog\/\",\"url\":\"https:\/\/aljovich.com\/en\/blog\/\",\"name\":\"Blog - Adam Aljovich EN\",\"isPartOf\":{\"@id\":\"https:\/\/aljovich.com\/en\/#website\"},\"datePublished\":\"2020-02-07T11:41:52+00:00\",\"dateModified\":\"2023-01-25T16:39:03+00:00\",\"breadcrumb\":{\"@id\":\"https:\/\/aljovich.com\/en\/blog\/#breadcrumb\"},\"inLanguage\":\"en-GB\",\"potentialAction\":[{\"@type\":\"ReadAction\",\"target\":[\"https:\/\/aljovich.com\/en\/blog\/\"]}]},{\"@type\":\"BreadcrumbList\",\"@id\":\"https:\/\/aljovich.com\/en\/blog\/#breadcrumb\",\"itemListElement\":[{\"@type\":\"ListItem\",\"position\":1,\"name\":\"Strona g\u0142\u00f3wna\",\"item\":\"https:\/\/aljovich.com\/en\/\"},{\"@type\":\"ListItem\",\"position\":2,\"name\":\"Blog\"}]},{\"@type\":\"WebSite\",\"@id\":\"https:\/\/aljovich.com\/en\/#website\",\"url\":\"https:\/\/aljovich.com\/en\/\",\"name\":\"Adam Aljovich EN\",\"description\":\"Director | Photographer\",\"potentialAction\":[{\"@type\":\"SearchAction\",\"target\":{\"@type\":\"EntryPoint\",\"urlTemplate\":\"https:\/\/aljovich.com\/en\/?s={search_term_string}\"},\"query-input\":{\"@type\":\"PropertyValueSpecification\",\"valueRequired\":true,\"valueName\":\"search_term_string\"}}],\"inLanguage\":\"en-GB\"}]}<\/script>\n<!-- \/ Yoast SEO plugin. -->","yoast_head_json":{"title":"Blog - Adam Aljovich EN","robots":{"index":"index","follow":"follow","max-snippet":"max-snippet:-1","max-image-preview":"max-image-preview:large","max-video-preview":"max-video-preview:-1"},"canonical":"https:\/\/aljovich.com\/en\/blog\/","og_locale":"en_GB","og_type":"article","og_title":"Blog - Adam Aljovich EN","og_description":"[vc_row][vc_column][vc_text_separator title=&#8221;Blog&#8221;][\/vc_column][\/vc_row]","og_url":"https:\/\/aljovich.com\/en\/blog\/","og_site_name":"Adam Aljovich EN","article_modified_time":"2023-01-25T16:39:03+00:00","twitter_card":"summary_large_image","twitter_misc":{"Estimated reading time":"1 minute"},"schema":{"@context":"https:\/\/schema.org","@graph":[{"@type":"WebPage","@id":"https:\/\/aljovich.com\/en\/blog\/","url":"https:\/\/aljovich.com\/en\/blog\/","name":"Blog - Adam Aljovich EN","isPartOf":{"@id":"https:\/\/aljovich.com\/en\/#website"},"datePublished":"2020-02-07T11:41:52+00:00","dateModified":"2023-01-25T16:39:03+00:00","breadcrumb":{"@id":"https:\/\/aljovich.com\/en\/blog\/#breadcrumb"},"inLanguage":"en-GB","potentialAction":[{"@type":"ReadAction","target":["https:\/\/aljovich.com\/en\/blog\/"]}]},{"@type":"BreadcrumbList","@id":"https:\/\/aljovich.com\/en\/blog\/#breadcrumb","itemListElement":[{"@type":"ListItem","position":1,"name":"Strona g\u0142\u00f3wna","item":"https:\/\/aljovich.com\/en\/"},{"@type":"ListItem","position":2,"name":"Blog"}]},{"@type":"WebSite","@id":"https:\/\/aljovich.com\/en\/#website","url":"https:\/\/aljovich.com\/en\/","name":"Adam Aljovich EN","description":"Director | Photographer","potentialAction":[{"@type":"SearchAction","target":{"@type":"EntryPoint","urlTemplate":"https:\/\/aljovich.com\/en\/?s={search_term_string}"},"query-input":{"@type":"PropertyValueSpecification","valueRequired":true,"valueName":"search_term_string"}}],"inLanguage":"en-GB"}]}},"_links":{"self":[{"href":"https:\/\/aljovich.com\/en\/wp-json\/wp\/v2\/pages\/517"}],"collection":[{"href":"https:\/\/aljovich.com\/en\/wp-json\/wp\/v2\/pages"}],"about":[{"href":"https:\/\/aljovich.com\/en\/wp-json\/wp\/v2\/types\/page"}],"author":[{"embeddable":true,"href":"https:\/\/aljovich.com\/en\/wp-json\/wp\/v2\/users\/1"}],"replies":[{"embeddable":true,"href":"https:\/\/aljovich.com\/en\/wp-json\/wp\/v2\/comments?post=517"}],"version-history":[{"count":6,"href":"https:\/\/aljovich.com\/en\/wp-json\/wp\/v2\/pages\/517\/revisions"}],"predecessor-version":[{"id":4307,"href":"https:\/\/aljovich.com\/en\/wp-json\/wp\/v2\/pages\/517\/revisions\/4307"}],"wp:attachment":[{"href":"https:\/\/aljovich.com\/en\/wp-json\/wp\/v2\/media?parent=517"}],"curies":[{"name":"wp","href":"https:\/\/api.w.org\/{rel}","templated":true}]}}